{"id":2546,"date":"2022-12-14T15:09:23","date_gmt":"2022-12-14T15:09:23","guid":{"rendered":"https:\/\/sherpacampus.com\/sherpadigital\/?page_id=2546"},"modified":"2023-02-06T18:49:22","modified_gmt":"2023-02-06T18:49:22","slug":"politica-cookies","status":"publish","type":"page","link":"https:\/\/sherpacampus.com\/sherpadigital\/politica-cookies\/","title":{"rendered":"Politica cookies"},"content":{"rendered":"\t\t<div data-elementor-type=\"wp-page\" data-elementor-id=\"2546\" class=\"elementor elementor-2546\" data-elementor-settings=\"{&quot;ha_cmc_init_switcher&quot;:&quot;no&quot;}\" data-elementor-post-type=\"page\">\n\t\t\t\t\t\t<section data-particle_enable=\"false\" data-particle-mobile-disabled=\"false\" class=\"has_ae_slider elementor-section elementor-top-section elementor-element elementor-element-0fdb901 elementor-section-boxed elementor-section-height-default elementor-section-height-default ae-bg-gallery-type-default\" data-id=\"0fdb901\" data-element_type=\"section\" data-settings=\"{&quot;_ha_eqh_enable&quot;:false,&quot;ekit_has_onepagescroll_dot&quot;:&quot;yes&quot;}\">\n\t\t\t\t\t\t<div class=\"elementor-container elementor-column-gap-default\">\n\t\t\t\t\t<div class=\"has_ae_slider elementor-column elementor-col-100 elementor-top-column elementor-element elementor-element-4a5dc56 ae-bg-gallery-type-default\" data-id=\"4a5dc56\" data-element_type=\"column\">\n\t\t\t<div class=\"elementor-widget-wrap elementor-element-populated\">\n\t\t\t\t\t\t<div class=\"elementor-element elementor-element-55b5e73 elementor-widget elementor-widget-heading\" data-id=\"55b5e73\" data-element_type=\"widget\" data-settings=\"{&quot;ekit_we_effect_on&quot;:&quot;none&quot;}\" data-widget_type=\"heading.default\">\n\t\t\t\t<div class=\"elementor-widget-container\">\n\t\t\t\t\t<h1 class=\"elementor-heading-title elementor-size-default\">Pol\u00edtica de Cookies<\/h1>\t\t\t\t<\/div>\n\t\t\t\t<\/div>\n\t\t\t\t<div class=\"elementor-element elementor-element-072df5b elementor-widget elementor-widget-text-editor\" data-id=\"072df5b\" data-element_type=\"widget\" data-settings=\"{&quot;ekit_we_effect_on&quot;:&quot;none&quot;}\" data-widget_type=\"text-editor.default\">\n\t\t\t\t<div class=\"elementor-widget-container\">\n\t\t\t\t\t\t\t\t\t<div class=\"pagina-legal container\">\n<p>Esta Pol\u00edtica de cookies explica qu\u00e9 son las cookies y c\u00f3mo las usamos, los tipos de cookies que usamos, es decir, la informaci\u00f3n que recopilamos usando cookies y c\u00f3mo se usa esa informaci\u00f3n, y c\u00f3mo controlar las preferencias de cookies. Para obtener m\u00e1s informaci\u00f3n sobre c\u00f3mo usamos, almacenamos y mantenemos seguros sus datos personales, consulte nuestra\u00a0Pol\u00edtica de privacidad.<\/p>\n<p>\u201cLa utilizaci\u00f3n de este web le atribuye a usted la condici\u00f3n de usuario e implica su aceptaci\u00f3n plena y sin reservas a todo lo relativo al uso de cookies, en los t\u00e9rminos expresados en la vigente Ley 34\/2002, de 11 de julio, de servicios de la sociedad de la informaci\u00f3n y de comercio electr\u00f3nico (LSSI-CE)\u00bb.<\/p>\n<p>Por tanto, si usted no est\u00e1 de acuerdo con cualquiera de las condiciones y\/o condiciones aqu\u00ed establecidas, no deber\u00e1 usar\/acceder a este website. En cualquier momento puede cambiar o retirar su consentimiento de la Declaraci\u00f3n de cookies en nuestro sitio web.<\/p>\n<h2>\u00bfQU\u00c9 SON LAS COOKIES?<\/h2>\n<p>Las cookies son peque\u00f1os archivos de texto que se utilizan para almacenar peque\u00f1os fragmentos de informaci\u00f3n. Se almacenan en su dispositivo cuando el sitio web se carga en su navegador. Estas cookies nos ayudan a hacer que el sitio web funcione correctamente, hacerlo m\u00e1s seguro, brindar una mejor experiencia al usuario y comprender c\u00f3mo funciona el sitio web y analizar qu\u00e9 funciona y d\u00f3nde necesita mejorar.<\/p>\n<h2>\u00bfC\u00d3MO USAMOS LAS COOKIES?<\/h2>\n<p>Como la mayor\u00eda de los servicios en l\u00ednea, nuestro sitio web utiliza cookies propias y de terceros para varios prop\u00f3sitos. Las cookies de origen son principalmente necesarias para que el sitio web funcione correctamente y no recopilan ninguno de sus datos de identificaci\u00f3n personal.<\/p>\n<p>Las cookies de terceros utilizadas en nuestro sitio web son principalmente para comprender c\u00f3mo funciona el sitio web, c\u00f3mo interact\u00faa con nuestro sitio web, mantener nuestros servicios seguros, proporcionar anuncios que sean relevantes para usted y, en general, brindarle un usuario mejor y mejorado. experiencia y ayude a acelerar sus interacciones futuras con nuestro sitio web.<\/p>\n<h2>\u00bfQU\u00c9 TIPOS DE COOKIES UTILIZAMOS?<\/h2>\n<p><strong>Esencial:<\/strong>\u00a0algunas cookies son esenciales para que pueda experimentar la funcionalidad completa de nuestro sitio. Nos permiten mantener las sesiones de los usuarios y prevenir cualquier amenaza a la seguridad. No recopilan ni almacenan ninguna informaci\u00f3n personal. Por ejemplo, estas cookies le permiten iniciar sesi\u00f3n en su cuenta y agregar productos a su carrito y realizar el pago de forma segura.<\/p>\n<p><strong>Estad\u00edsticas<\/strong>: estas cookies almacenan informaci\u00f3n como el n\u00famero de visitantes al sitio web, el n\u00famero de visitantes \u00fanicos, qu\u00e9 p\u00e1ginas del sitio web han sido visitadas, la fuente de la visita, etc. Estos datos nos ayudan a comprender y analizar qu\u00e9 tan bien funciona el sitio web y d\u00f3nde necesita mejorar.<\/p>\n<p><strong>Marketing<\/strong>: nuestro sitio web muestra anuncios. Estas cookies se utilizan para personalizar los anuncios que le mostramos para que sean significativos para usted. Estas cookies tambi\u00e9n nos ayudan a realizar un seguimiento de la eficiencia de estas campa\u00f1as publicitarias.<br \/>Los proveedores de publicidad de terceros tambi\u00e9n pueden utilizar la informaci\u00f3n almacenada en estas cookies para mostrarle anuncios en otros sitios web en el navegador.<\/p>\n<p><strong>Funcionales<\/strong>: Son las cookies que ayudan a determinadas funcionalidades no esenciales de nuestro sitio web. Estas funcionalidades incluyen incrustar contenido como videos o compartir contenido del sitio web en plataformas de redes sociales.<\/p>\n<p><strong>Preferencias<\/strong>: estas cookies nos ayudan a almacenar su configuraci\u00f3n y preferencias de navegaci\u00f3n, como las preferencias de idioma, para que tenga una experiencia mejor y m\u00e1s eficiente en futuras visitas al sitio web.<\/p>\n<table class=\"cookielawinfo-row-cat-table cookielawinfo-classic\">\n<thead>\n<tr>\n<th class=\"cookielawinfo-column-1\">COOKIE<\/th>\n<th class=\"cookielawinfo-column-2\">TIPO<\/th>\n<th class=\"cookielawinfo-column-3\">DURACI\u00d3N<\/th>\n<th class=\"cookielawinfo-column-4\">DESCRIPCI\u00d3N<\/th>\n<\/tr>\n<\/thead>\n<tbody>\n<tr class=\"cookielawinfo-row\">\n<td class=\"cookielawinfo-column-1\">cookielawinfo-checkbox-analytics<\/td>\n<td class=\"cookielawinfo-column-2\">0<\/td>\n<td class=\"cookielawinfo-column-3\">11 months<\/td>\n<td class=\"cookielawinfo-column-4\">Esta cookie est\u00e1 configurada por el complemento de consentimiento de cookies de GDPR. La cookie se utiliza para almacenar el consentimiento del usuario para las cookies en la categor\u00eda \u00abAn\u00e1lisis\u00bb.<\/td>\n<\/tr>\n<tr class=\"cookielawinfo-row\">\n<td class=\"cookielawinfo-column-1\">cookielawinfo-checkbox-functional<\/td>\n<td class=\"cookielawinfo-column-2\">0<\/td>\n<td class=\"cookielawinfo-column-3\">11 months<\/td>\n<td class=\"cookielawinfo-column-4\">La cookie est\u00e1 configurada por el consentimiento de cookies de GDPR para registrar el consentimiento del usuario para las cookies en la categor\u00eda \u00abFuncional\u00bb.<\/td>\n<\/tr>\n<tr class=\"cookielawinfo-row\">\n<td class=\"cookielawinfo-column-1\">cookielawinfo-checkbox-necessary<\/td>\n<td class=\"cookielawinfo-column-2\">0<\/td>\n<td class=\"cookielawinfo-column-3\">11 months<\/td>\n<td class=\"cookielawinfo-column-4\">Esta cookie est\u00e1 configurada por el complemento de consentimiento de cookies de GDPR. Las cookies se utilizan para almacenar el consentimiento del usuario para las cookies en la categor\u00eda \u00abNecesarias\u00bb.<\/td>\n<\/tr>\n<tr class=\"cookielawinfo-row\">\n<td class=\"cookielawinfo-column-1\">cookielawinfo-checkbox-others<\/td>\n<td class=\"cookielawinfo-column-2\">0<\/td>\n<td class=\"cookielawinfo-column-3\">11 months<\/td>\n<td class=\"cookielawinfo-column-4\">Esta cookie est\u00e1 configurada por el complemento de consentimiento de cookies de GDPR. La cookie se utiliza para almacenar el consentimiento del usuario para las cookies en la categor\u00eda \u00abOtro\u00bb.<\/td>\n<\/tr>\n<tr class=\"cookielawinfo-row\">\n<td class=\"cookielawinfo-column-1\">cookielawinfo-checkbox-performance<\/td>\n<td class=\"cookielawinfo-column-2\">0<\/td>\n<td class=\"cookielawinfo-column-3\">11 months<\/td>\n<td class=\"cookielawinfo-column-4\">Esta cookie est\u00e1 configurada por el complemento de consentimiento de cookies de GDPR. La cookie se utiliza para almacenar el consentimiento del usuario para las cookies en la categor\u00eda \u00abRendimiento\u00bb.<\/td>\n<\/tr>\n<tr class=\"cookielawinfo-row\">\n<td class=\"cookielawinfo-column-1\">viewed_cookie_policy<\/td>\n<td class=\"cookielawinfo-column-2\">0<\/td>\n<td class=\"cookielawinfo-column-3\">11 months<\/td>\n<td class=\"cookielawinfo-column-4\">La cookie est\u00e1 configurada por el complemento de consentimiento de cookies de GDPR y se utiliza para almacenar si el usuario ha dado su consentimiento o no para el uso de cookies. No almacena ning\u00fan dato personal.<\/td>\n<\/tr>\n<\/tbody>\n<\/table>\n<h2>\u00bfC\u00d3MO PUEDO CONTROLAR LAS PREFERENCIAS DE LAS COOKIES?<\/h2>\n<p>Si decide cambiar sus preferencias m\u00e1s adelante a trav\u00e9s de su sesi\u00f3n de navegaci\u00f3n, puede hacer clic en la pesta\u00f1a \u201cPol\u00edtica de privacidad y cookies\u201d en su pantalla. Esto mostrar\u00e1 el aviso de consentimiento nuevamente, lo que le permitir\u00e1 cambiar sus preferencias o retirar su consentimiento por completo.<\/p>\n<p>Adem\u00e1s de esto, los diferentes navegadores proporcionan diferentes m\u00e9todos para bloquear y eliminar las cookies utilizadas por los sitios web. Puede cambiar la configuraci\u00f3n de su navegador para bloquear \/ eliminar las cookies.<\/p>\n<\/div>\n<footer id=\"footer\" class=\"header-footer-group\" role=\"contentinfo\">\n<div class=\"container-fluid fondogrisOscuro\">\n<div class=\"container\">\n<div class=\"row pt-3 pb-3\">\n<div class=\"col-12 col-sm-6\"><img decoding=\"async\" class=\"img-fluid logoSherpaFooter\" src=\"https:\/\/sherpacampus.com\/wp-content\/themes\/sherpaNewDesign\/assets\/img\/Logo_Sherpa_blanco.svg\" alt=\"\" \/><i class=\"fas fa-location-dot\" aria-hidden=\"true\"><\/i>\n<p class=\"p-1\">Madrid<\/p>\n<\/div>\n<div class=\"col-12 col-sm-6\">\n<div class=\"footerDatos\">\u00a0<\/div>\n<\/div>\n<\/div>\n<\/div>\n<\/div>\n<\/footer>\t\t\t\t\t\t\t\t<\/div>\n\t\t\t\t<\/div>\n\t\t\t\t\t<\/div>\n\t\t<\/div>\n\t\t\t\t\t<\/div>\n\t\t<\/section>\n\t\t\t\t<\/div>\n\t\t","protected":false},"excerpt":{"rendered":"<p>Pol\u00edtica de Cookies Esta Pol\u00edtica de cookies explica qu\u00e9 son las cookies y c\u00f3mo las usamos, los tipos de cookies que usamos, es decir, la informaci\u00f3n que recopilamos usando cookies y c\u00f3mo se usa esa informaci\u00f3n, y c\u00f3mo controlar las preferencias de cookies. Para obtener m\u00e1s informaci\u00f3n sobre c\u00f3mo usamos, almacenamos y mantenemos seguros sus [&hellip;]<\/p>\n","protected":false},"author":212,"featured_media":0,"parent":0,"menu_order":0,"comment_status":"closed","ping_status":"closed","template":"elementor_canvas","meta":{"footnotes":""},"class_list":["post-2546","page","type-page","status-publish","hentry"],"_links":{"self":[{"href":"https:\/\/sherpacampus.com\/sherpadigital\/wp-json\/wp\/v2\/pages\/2546","targetHints":{"allow":["GET"]}}],"collection":[{"href":"https:\/\/sherpacampus.com\/sherpadigital\/wp-json\/wp\/v2\/pages"}],"about":[{"href":"https:\/\/sherpacampus.com\/sherpadigital\/wp-json\/wp\/v2\/types\/page"}],"author":[{"embeddable":true,"href":"https:\/\/sherpacampus.com\/sherpadigital\/wp-json\/wp\/v2\/users\/212"}],"replies":[{"embeddable":true,"href":"https:\/\/sherpacampus.com\/sherpadigital\/wp-json\/wp\/v2\/comments?post=2546"}],"version-history":[{"count":13,"href":"https:\/\/sherpacampus.com\/sherpadigital\/wp-json\/wp\/v2\/pages\/2546\/revisions"}],"predecessor-version":[{"id":4602,"href":"https:\/\/sherpacampus.com\/sherpadigital\/wp-json\/wp\/v2\/pages\/2546\/revisions\/4602"}],"wp:attachment":[{"href":"https:\/\/sherpacampus.com\/sherpadigital\/wp-json\/wp\/v2\/media?parent=2546"}],"curies":[{"name":"wp","href":"https:\/\/api.w.org\/{rel}","templated":true}]}}